{"id":13634,"date":"2024-02-06T22:41:43","date_gmt":"2024-02-06T22:41:43","guid":{"rendered":"https:\/\/salsahuichol.mx\/?page_id=13634"},"modified":"2025-03-27T23:01:16","modified_gmt":"2025-03-28T06:01:16","slug":"salsas","status":"publish","type":"page","link":"https:\/\/salsahuichol.mx\/nuevo\/salsas\/","title":{"rendered":"Salsas"},"content":{"rendered":"\t\t<div data-elementor-type=\"wp-page\" data-elementor-id=\"13634\" class=\"elementor elementor-13634\" data-elementor-post-type=\"page\">\n\t\t\t\t\t\t<section class=\"elementor-section elementor-top-section elementor-element elementor-element-c28b65b elementor-section-full_width elementor-section-height-default elementor-section-height-default parallax_section_no qode_elementor_container_no\" data-id=\"c28b65b\" data-element_type=\"section\" data-e-type=\"section\">\n\t\t\t\t\t\t<div class=\"elementor-container elementor-column-gap-default\">\n\t\t\t\t\t<div class=\"elementor-column elementor-col-100 elementor-top-column elementor-element elementor-element-f38bb7f\" data-id=\"f38bb7f\" data-element_type=\"column\" data-e-type=\"column\">\n\t\t\t<div class=\"elementor-widget-wrap elementor-element-populated\">\n\t\t\t\t\t\t<div class=\"elementor-element elementor-element-86841cb elementor-widget elementor-widget-slider_revolution\" data-id=\"86841cb\" data-element_type=\"widget\" data-e-type=\"widget\" data-widget_type=\"slider_revolution.default\">\n\t\t\t\t<div class=\"elementor-widget-container\">\n\t\t\t\t\t\n\t\t<div class=\"wp-block-themepunch-revslider\">\n\t\t\t<!-- START headersalsas REVOLUTION SLIDER 6.7.40 --><p class=\"rs-p-wp-fix\"><\/p>\n\t\t\t<rs-module-wrap id=\"rev_slider_6_1_wrapper\" data-source=\"gallery\" style=\"visibility:hidden;background:transparent;padding:0;margin:0px auto;margin-top:0;margin-bottom:0;\">\n\t\t\t\t<rs-module id=\"rev_slider_6_1\" style=\"\" data-version=\"6.7.40\">\n\t\t\t\t\t<rs-slides style=\"overflow: hidden; position: absolute;\">\n\t\t\t\t\t\t<rs-slide style=\"position: absolute;\" data-key=\"rs-18\" data-title=\"Slide\" data-in=\"o:1;x:-100%;\" data-out=\"x:60%;\">\n\t\t\t\t\t\t\t<img decoding=\"async\" src=\"\/\/salsahuichol.mx\/nuevo\/wp-content\/plugins\/revslider\/sr6\/assets\/assets\/dummy.png\" alt=\"Slide\" title=\"Salsas\" class=\"rev-slidebg tp-rs-img rs-lazyload\" data-lazyload=\"\/\/salsahuichol.mx\/nuevo\/wp-content\/plugins\/revslider\/sr6\/assets\/assets\/transparent.png\" data-bg=\"c:#69cce1;\" data-no-retina>\n<!--\n\t\t\t\t\t\t\t--><rs-layer\n\t\t\t\t\t\t\t\tid=\"slider-6-slide-18-layer-0\" \n\t\t\t\t\t\t\t\tdata-type=\"image\"\n\t\t\t\t\t\t\t\tdata-rsp_ch=\"on\"\n\t\t\t\t\t\t\t\tdata-xy=\"xo:145px,73px,87px,33px;y:b;yo:30px,26px,153px,114px;\"\n\t\t\t\t\t\t\t\tdata-text=\"w:normal;s:20,10,7,4;l:0,13,9,6;\"\n\t\t\t\t\t\t\t\tdata-dim=\"w:50px,30px,40px,40px;h:50px,30px,40px,40px;\"\n\t\t\t\t\t\t\t\tdata-frame_999=\"o:0;st:w;\"\n\t\t\t\t\t\t\t\tdata-loop_999=\"sX:0.8;sY:0.8;o:0.6;sp:2000;e:power2.inOut;yys:t;yyf:t;\"\n\t\t\t\t\t\t\t\tstyle=\"z-index:10;\"\n\t\t\t\t\t\t\t><img decoding=\"async\" src=\"\/\/salsahuichol.mx\/nuevo\/wp-content\/plugins\/revslider\/sr6\/assets\/assets\/dummy.png\" alt=\"\" class=\"tp-rs-img rs-lazyload\" width=\"103\" height=\"104\" data-lazyload=\"\/\/salsahuichol.mx\/nuevo\/wp-content\/uploads\/revslider\/productos-12\/Destello1.webp\" data-no-retina> \n\t\t\t\t\t\t\t<\/rs-layer><!--\n\n\t\t\t\t\t\t\t--><rs-layer\n\t\t\t\t\t\t\t\tid=\"slider-6-slide-18-layer-1\" \n\t\t\t\t\t\t\t\tdata-type=\"image\"\n\t\t\t\t\t\t\t\tdata-rsp_ch=\"on\"\n\t\t\t\t\t\t\t\tdata-xy=\"x:r;xo:183px,93px,0,0;yo:37px,38px,17px,0;\"\n\t\t\t\t\t\t\t\tdata-text=\"w:normal;s:20,10,7,4;l:0,13,9,6;\"\n\t\t\t\t\t\t\t\tdata-dim=\"w:150px,85px,150px,110px;h:150px,85px,150px,110px;\"\n\t\t\t\t\t\t\t\tdata-frame_999=\"o:0;st:w;\"\n\t\t\t\t\t\t\t\tdata-loop_0=\"rZ:-100;\"\n\t\t\t\t\t\t\t\tdata-loop_999=\"rZ:100;sp:5000;yyr:t;\"\n\t\t\t\t\t\t\t\tstyle=\"z-index:7;\"\n\t\t\t\t\t\t\t><img fetchpriority=\"high\" decoding=\"async\" src=\"\/\/salsahuichol.mx\/nuevo\/wp-content\/plugins\/revslider\/sr6\/assets\/assets\/dummy.png\" alt=\"\" class=\"tp-rs-img rs-lazyload\" width=\"320\" height=\"321\" data-lazyload=\"\/\/salsahuichol.mx\/nuevo\/wp-content\/uploads\/revslider\/productos-1\/stiker-salsahuichol-instagram.webp\" data-no-retina> \n\t\t\t\t\t\t\t<\/rs-layer><!--\n\n\t\t\t\t\t\t\t--><rs-layer\n\t\t\t\t\t\t\t\tid=\"slider-6-slide-18-layer-3\" \n\t\t\t\t\t\t\t\tdata-type=\"text\"\n\t\t\t\t\t\t\t\tdata-rsp_ch=\"on\"\n\t\t\t\t\t\t\t\tdata-xy=\"x:c;y:m;\"\n\t\t\t\t\t\t\t\tdata-text=\"w:normal;s:270,144,180,111;l:280,149,190,117;a:center;\"\n\t\t\t\t\t\t\t\tdata-dim=\"w:100%;\"\n\t\t\t\t\t\t\t\tdata-frame_999=\"o:0;st:w;\"\n\t\t\t\t\t\t\t\tstyle=\"z-index:6;font-family:'Anton';\"\n\t\t\t\t\t\t\t>NUESTRAS SALSAS \n\t\t\t\t\t\t\t<\/rs-layer><!--\n\n\t\t\t\t\t\t\t--><rs-layer\n\t\t\t\t\t\t\t\tid=\"slider-6-slide-18-layer-4\" \n\t\t\t\t\t\t\t\tdata-type=\"image\"\n\t\t\t\t\t\t\t\tdata-rsp_ch=\"on\"\n\t\t\t\t\t\t\t\tdata-xy=\"xo:185px,99px,70px,0;y:b;yo:44px,23px,10px,0;\"\n\t\t\t\t\t\t\t\tdata-text=\"w:normal;s:20,10,7,4;l:0,13,9,6;\"\n\t\t\t\t\t\t\t\tdata-dim=\"w:130px,69px,130px,110px;h:132px,70px,132px,112px;\"\n\t\t\t\t\t\t\t\tdata-frame_999=\"o:0;st:w;\"\n\t\t\t\t\t\t\t\tdata-loop_0=\"rZ:-100;\"\n\t\t\t\t\t\t\t\tdata-loop_999=\"sX:0.9;sY:0.9;rZ:100;sp:5000;yyr:t;yys:t;\"\n\t\t\t\t\t\t\t\tstyle=\"z-index:8;\"\n\t\t\t\t\t\t\t><img decoding=\"async\" src=\"\/\/salsahuichol.mx\/nuevo\/wp-content\/plugins\/revslider\/sr6\/assets\/assets\/dummy.png\" alt=\"\" class=\"tp-rs-img rs-lazyload\" width=\"216\" height=\"219\" data-lazyload=\"\/\/salsahuichol.mx\/nuevo\/wp-content\/uploads\/revslider\/productos-12\/Emoji-banner.webp\" data-no-retina> \n\t\t\t\t\t\t\t<\/rs-layer><!--\n\n\t\t\t\t\t\t\t--><rs-layer\n\t\t\t\t\t\t\t\tid=\"slider-6-slide-18-layer-5\" \n\t\t\t\t\t\t\t\tdata-type=\"image\"\n\t\t\t\t\t\t\t\tdata-rsp_ch=\"on\"\n\t\t\t\t\t\t\t\tdata-xy=\"x:r;xo:144px,74px,70px,33px;yo:35px,33px,255px,157px;\"\n\t\t\t\t\t\t\t\tdata-text=\"w:normal;s:20,10,7,4;l:0,13,9,6;\"\n\t\t\t\t\t\t\t\tdata-dim=\"w:50px,30px,40px,40px;h:50px,30px,40px,40px;\"\n\t\t\t\t\t\t\t\tdata-frame_999=\"o:0;st:w;\"\n\t\t\t\t\t\t\t\tdata-loop_999=\"sX:0.8;sY:0.8;o:0.6;sp:2000;e:power2.inOut;yys:t;yyf:t;\"\n\t\t\t\t\t\t\t\tstyle=\"z-index:9;\"\n\t\t\t\t\t\t\t><img decoding=\"async\" src=\"\/\/salsahuichol.mx\/nuevo\/wp-content\/plugins\/revslider\/sr6\/assets\/assets\/dummy.png\" alt=\"\" class=\"tp-rs-img rs-lazyload\" width=\"103\" height=\"104\" data-lazyload=\"\/\/salsahuichol.mx\/nuevo\/wp-content\/uploads\/revslider\/productos-12\/Destello1.webp\" data-no-retina> \n\t\t\t\t\t\t\t<\/rs-layer><!--\n-->\t\t\t\t\t<\/rs-slide>\n\t\t\t\t\t<\/rs-slides>\n\t\t\t\t\t<rs-static-layers><!--\n\t\t\t\t\t--><\/rs-static-layers>\n\t\t\t\t<\/rs-module>\n\t\t\t\t<script>\n\t\t\t\t\tsetREVStartSize({c: 'rev_slider_6_1',rl:[1240,1024,778,480],el:[420,250,500,300],gw:[1920,1024,778,480],gh:[420,250,500,300],type:'standard',justify:'',layout:'fullwidth',mh:\"0\"});if (window.RS_MODULES!==undefined && window.RS_MODULES.modules!==undefined && window.RS_MODULES.modules[\"revslider61\"]!==undefined) {window.RS_MODULES.modules[\"revslider61\"].once = false;window.revapi6 = undefined;if (window.RS_MODULES.checkMinimal!==undefined) window.RS_MODULES.checkMinimal()}\n\t\t\t\t<\/script>\n\t\t\t<\/rs-module-wrap>\n\t\t\t<!-- END REVOLUTION SLIDER -->\n<\/div>\n\n\t\t\t\t\t\t<\/div>\n\t\t\t\t<\/div>\n\t\t\t\t\t<\/div>\n\t\t<\/div>\n\t\t\t\t\t<\/div>\n\t\t<\/section>\n\t\t<div class=\"elementor-element elementor-element-1c38267 e-con-full e-flex parallax_section_no qode_elementor_container_no e-con e-parent\" data-id=\"1c38267\" data-element_type=\"container\" data-e-type=\"container\">\n\t\t\t\t<div class=\"elementor-element elementor-element-6776289 elementor-widget elementor-widget-bridge_product_list\" data-id=\"6776289\" data-element_type=\"widget\" data-e-type=\"widget\" data-widget_type=\"bridge_product_list.default\">\n\t\t\t\t<div class=\"elementor-widget-container\">\n\t\t\t\t\t<div class=\"qode-pl-holder qode-standard-layout qode-small-space qode-three-columns qode-info-below-image  \"  data-info-position=\"info-below-image\" data-number-of-posts=\"5\" data-number-of-columns=\"3\" data-taxonomy-values=\"salsa-huichol\" data-image-size=\"full\" data-excerpt-length=\"\" data-display-category=\"yes\" data-display-rating=\"no\" data-display-price=\"no\" data-title-transform=\"uppercase\" data-space-between-items=\"small\" data-title-tag=\"h2\" data-type=\"standard\" data-show-ordering-filter=\"no\" data-price-range=\"\" data-orderby=\"date\" data-order=\"ASC\" data-show-category-filter=\"no\" data-category-values=\"\" data-show-all-item-in-filter=\"\" data-taxonomy-to-display=\"category\" data-display-title=\"yes\" data-display-excerpt=\"no\" data-product-info-skin=\"\" data-product-info-hover-skin=\"\"data-class_name = \"pli\">\n\t<\/div>\t\t\t\t<\/div>\n\t\t\t\t<\/div>\n\t\t\t\t<\/div>\n\t\t<div class=\"elementor-element elementor-element-4535c0d e-flex e-con-boxed parallax_section_no qode_elementor_container_no e-con e-parent\" data-id=\"4535c0d\" data-element_type=\"container\" data-e-type=\"container\">\n\t\t\t\t\t<div class=\"e-con-inner\">\n\t\t\t\t<div class=\"elementor-element elementor-element-d1d6a36 elementor-widget elementor-widget-bridge_product_list\" data-id=\"d1d6a36\" data-element_type=\"widget\" data-e-type=\"widget\" data-widget_type=\"bridge_product_list.default\">\n\t\t\t\t<div class=\"elementor-widget-container\">\n\t\t\t\t\t<div class=\"qode-pl-holder qode-standard-layout qode-small-space qode-three-columns qode-info-below-image  \"  data-info-position=\"info-below-image\" data-number-of-posts=\"5\" data-number-of-columns=\"3\" data-taxonomy-values=\"salsa-huichol-es\" data-image-size=\"full\" data-excerpt-length=\"\" data-display-category=\"yes\" data-display-rating=\"no\" data-display-price=\"no\" data-title-transform=\"uppercase\" data-space-between-items=\"small\" data-title-tag=\"h2\" data-type=\"standard\" data-show-ordering-filter=\"no\" data-price-range=\"\" data-orderby=\"date\" data-order=\"ASC\" data-show-category-filter=\"no\" data-category-values=\"\" data-show-all-item-in-filter=\"\" data-taxonomy-to-display=\"category\" data-display-title=\"yes\" data-display-excerpt=\"no\" data-product-info-skin=\"\" data-product-info-hover-skin=\"\"data-class_name = \"pli\">\n\t                        <div class=\"qode-prl-loading\">\n            <span class=\"qode-prl-loading-msg\">Loading...<\/span>\n        <\/div>\n        <div class=\"qode-pl-outer\">\n            <div class=\"qode-pli qode-woo-image-normal-width product type-product post-30492 status-publish first instock product_cat-salsa-huichol-es has-post-thumbnail shipping-taxable purchasable product-type-simple\">\n\t<div class=\"qode-pli-inner\">\n\t\t<div class=\"qode-pli-image\">\n\t\t\t\n\n<img loading=\"lazy\" decoding=\"async\" width=\"800\" height=\"800\" src=\"https:\/\/salsahuichol.mx\/nuevo\/wp-content\/uploads\/2025\/03\/SH-botanas-1.webp\" class=\"attachment-full size-full wp-post-image\" alt=\"\" srcset=\"https:\/\/salsahuichol.mx\/nuevo\/wp-content\/uploads\/2025\/03\/SH-botanas-1.webp 800w, https:\/\/salsahuichol.mx\/nuevo\/wp-content\/uploads\/2025\/03\/SH-botanas-1-300x300.webp 300w, https:\/\/salsahuichol.mx\/nuevo\/wp-content\/uploads\/2025\/03\/SH-botanas-1-150x150.webp 150w, https:\/\/salsahuichol.mx\/nuevo\/wp-content\/uploads\/2025\/03\/SH-botanas-1-768x768.webp 768w, https:\/\/salsahuichol.mx\/nuevo\/wp-content\/uploads\/2025\/03\/SH-botanas-1-570x570.webp 570w, https:\/\/salsahuichol.mx\/nuevo\/wp-content\/uploads\/2025\/03\/SH-botanas-1-500x500.webp 500w, https:\/\/salsahuichol.mx\/nuevo\/wp-content\/uploads\/2025\/03\/SH-botanas-1-700x700.webp 700w, https:\/\/salsahuichol.mx\/nuevo\/wp-content\/uploads\/2025\/03\/SH-botanas-1-650x650.webp 650w, https:\/\/salsahuichol.mx\/nuevo\/wp-content\/uploads\/2025\/03\/SH-botanas-1-600x600.webp 600w, https:\/\/salsahuichol.mx\/nuevo\/wp-content\/uploads\/2025\/03\/SH-botanas-1-100x100.webp 100w\" sizes=\"(max-width: 800px) 100vw, 800px\" \/>\t\t<\/div>\n\t\t<div class=\"qode-pli-text\">\n\t\t\t<div class=\"qode-pli-text-outer\">\n\t\t\t\t<div class=\"qode-pli-text-inner\">\n\t\t\t\t\t\t\t\t\t<\/div>\n\t\t\t<\/div>\n\t\t<\/div>\n\t\t<a class=\"qode-pli-link\" itemprop=\"url\" href=\"https:\/\/salsahuichol.mx\/nuevo\/producto\/salsa-huichol-es\/botanas\/\" title=\"La de las Botanas\"><\/a>\n\t<\/div>\n\t<div class=\"qode-pli-text-wrapper qode-no-rating-price\" >\n\t\t    <h2 itemprop=\"name\" class=\"entry-title qode-pli-title\" style=\"text-transform: uppercase\">\n\t\t<a itemprop=\"url\" href=\"https:\/\/salsahuichol.mx\/nuevo\/producto\/salsa-huichol-es\/botanas\/\">La de las Botanas<\/a>\n\t<\/h2>\n\t\t\n\t\t\t\t<p class=\"qode-pli-category\"><a href=\"https:\/\/salsahuichol.mx\/nuevo\/categoria-producto\/salsa-huichol-es\/\" rel=\"tag\">SALSA HUICHOL<\/a><\/p>\n\t\t\t\n\t\t\t\t\n\t\t\t\t\n\t\t\n\t\t\t\n\t<div class=\"qode-pli-add-to-cart\">\n\t\t<a rel=\"nofollow\" href=\"\/nuevo\/wp-json\/wp\/v2\/pages\/13634?add-to-cart=30492\" data-quantity=\"1\" data-product_id=\"30492\" data-product_sku=\"013\" class=\"add_to_cart_button ajax_add_to_cart qode-button\">A\u00f1adir al carrito<\/a>\t<\/div>\t<\/div>\n<\/div><div class=\"qode-pli qode-woo-image-normal-width product type-product post-30497 status-publish instock product_cat-salsa-huichol-es has-post-thumbnail shipping-taxable purchasable product-type-simple\">\n\t<div class=\"qode-pli-inner\">\n\t\t<div class=\"qode-pli-image\">\n\t\t\t\n\n<img loading=\"lazy\" decoding=\"async\" width=\"800\" height=\"800\" src=\"https:\/\/salsahuichol.mx\/nuevo\/wp-content\/uploads\/2025\/03\/SH-habanera-ingles.webp\" class=\"attachment-full size-full wp-post-image\" alt=\"\" srcset=\"https:\/\/salsahuichol.mx\/nuevo\/wp-content\/uploads\/2025\/03\/SH-habanera-ingles.webp 800w, https:\/\/salsahuichol.mx\/nuevo\/wp-content\/uploads\/2025\/03\/SH-habanera-ingles-300x300.webp 300w, https:\/\/salsahuichol.mx\/nuevo\/wp-content\/uploads\/2025\/03\/SH-habanera-ingles-150x150.webp 150w, https:\/\/salsahuichol.mx\/nuevo\/wp-content\/uploads\/2025\/03\/SH-habanera-ingles-768x768.webp 768w, https:\/\/salsahuichol.mx\/nuevo\/wp-content\/uploads\/2025\/03\/SH-habanera-ingles-570x570.webp 570w, https:\/\/salsahuichol.mx\/nuevo\/wp-content\/uploads\/2025\/03\/SH-habanera-ingles-500x500.webp 500w, https:\/\/salsahuichol.mx\/nuevo\/wp-content\/uploads\/2025\/03\/SH-habanera-ingles-700x700.webp 700w, https:\/\/salsahuichol.mx\/nuevo\/wp-content\/uploads\/2025\/03\/SH-habanera-ingles-650x650.webp 650w, https:\/\/salsahuichol.mx\/nuevo\/wp-content\/uploads\/2025\/03\/SH-habanera-ingles-600x600.webp 600w, https:\/\/salsahuichol.mx\/nuevo\/wp-content\/uploads\/2025\/03\/SH-habanera-ingles-100x100.webp 100w\" sizes=\"(max-width: 800px) 100vw, 800px\" \/>\t\t<\/div>\n\t\t<div class=\"qode-pli-text\">\n\t\t\t<div class=\"qode-pli-text-outer\">\n\t\t\t\t<div class=\"qode-pli-text-inner\">\n\t\t\t\t\t\t\t\t\t<\/div>\n\t\t\t<\/div>\n\t\t<\/div>\n\t\t<a class=\"qode-pli-link\" itemprop=\"url\" href=\"https:\/\/salsahuichol.mx\/nuevo\/producto\/salsa-huichol-es\/habanera\/\" title=\"Habanera\"><\/a>\n\t<\/div>\n\t<div class=\"qode-pli-text-wrapper qode-no-rating-price\" >\n\t\t    <h2 itemprop=\"name\" class=\"entry-title qode-pli-title\" style=\"text-transform: uppercase\">\n\t\t<a itemprop=\"url\" href=\"https:\/\/salsahuichol.mx\/nuevo\/producto\/salsa-huichol-es\/habanera\/\">Habanera<\/a>\n\t<\/h2>\n\t\t\n\t\t\t\t<p class=\"qode-pli-category\"><a href=\"https:\/\/salsahuichol.mx\/nuevo\/categoria-producto\/salsa-huichol-es\/\" rel=\"tag\">SALSA HUICHOL<\/a><\/p>\n\t\t\t\n\t\t\t\t\n\t\t\t\t\n\t\t\n\t\t\t\n\t<div class=\"qode-pli-add-to-cart\">\n\t\t<a rel=\"nofollow\" href=\"\/nuevo\/wp-json\/wp\/v2\/pages\/13634?add-to-cart=30497\" data-quantity=\"1\" data-product_id=\"30497\" data-product_sku=\"012\" class=\"add_to_cart_button ajax_add_to_cart qode-button\">A\u00f1adir al carrito<\/a>\t<\/div>\t<\/div>\n<\/div><div class=\"qode-pli qode-woo-image-normal-width product type-product post-30499 status-publish instock product_cat-salsa-huichol-es has-post-thumbnail shipping-taxable purchasable product-type-simple\">\n\t<div class=\"qode-pli-inner\">\n\t\t<div class=\"qode-pli-image\">\n\t\t\t\n\n<img loading=\"lazy\" decoding=\"async\" width=\"800\" height=\"800\" src=\"https:\/\/salsahuichol.mx\/nuevo\/wp-content\/uploads\/2025\/03\/SH-negra-1.webp\" class=\"attachment-full size-full wp-post-image\" alt=\"\" srcset=\"https:\/\/salsahuichol.mx\/nuevo\/wp-content\/uploads\/2025\/03\/SH-negra-1.webp 800w, https:\/\/salsahuichol.mx\/nuevo\/wp-content\/uploads\/2025\/03\/SH-negra-1-300x300.webp 300w, https:\/\/salsahuichol.mx\/nuevo\/wp-content\/uploads\/2025\/03\/SH-negra-1-150x150.webp 150w, https:\/\/salsahuichol.mx\/nuevo\/wp-content\/uploads\/2025\/03\/SH-negra-1-768x768.webp 768w, https:\/\/salsahuichol.mx\/nuevo\/wp-content\/uploads\/2025\/03\/SH-negra-1-570x570.webp 570w, https:\/\/salsahuichol.mx\/nuevo\/wp-content\/uploads\/2025\/03\/SH-negra-1-500x500.webp 500w, https:\/\/salsahuichol.mx\/nuevo\/wp-content\/uploads\/2025\/03\/SH-negra-1-700x700.webp 700w, https:\/\/salsahuichol.mx\/nuevo\/wp-content\/uploads\/2025\/03\/SH-negra-1-650x650.webp 650w, https:\/\/salsahuichol.mx\/nuevo\/wp-content\/uploads\/2025\/03\/SH-negra-1-600x600.webp 600w, https:\/\/salsahuichol.mx\/nuevo\/wp-content\/uploads\/2025\/03\/SH-negra-1-100x100.webp 100w\" sizes=\"(max-width: 800px) 100vw, 800px\" \/>\t\t<\/div>\n\t\t<div class=\"qode-pli-text\">\n\t\t\t<div class=\"qode-pli-text-outer\">\n\t\t\t\t<div class=\"qode-pli-text-inner\">\n\t\t\t\t\t\t\t\t\t<\/div>\n\t\t\t<\/div>\n\t\t<\/div>\n\t\t<a class=\"qode-pli-link\" itemprop=\"url\" href=\"https:\/\/salsahuichol.mx\/nuevo\/producto\/salsa-huichol-es\/negra\/\" title=\"Negra\"><\/a>\n\t<\/div>\n\t<div class=\"qode-pli-text-wrapper qode-no-rating-price\" >\n\t\t    <h2 itemprop=\"name\" class=\"entry-title qode-pli-title\" style=\"text-transform: uppercase\">\n\t\t<a itemprop=\"url\" href=\"https:\/\/salsahuichol.mx\/nuevo\/producto\/salsa-huichol-es\/negra\/\">Negra<\/a>\n\t<\/h2>\n\t\t\n\t\t\t\t<p class=\"qode-pli-category\"><a href=\"https:\/\/salsahuichol.mx\/nuevo\/categoria-producto\/salsa-huichol-es\/\" rel=\"tag\">SALSA HUICHOL<\/a><\/p>\n\t\t\t\n\t\t\t\t\n\t\t\t\t\n\t\t\n\t\t\t\n\t<div class=\"qode-pli-add-to-cart\">\n\t\t<a rel=\"nofollow\" href=\"\/nuevo\/wp-json\/wp\/v2\/pages\/13634?add-to-cart=30499\" data-quantity=\"1\" data-product_id=\"30499\" data-product_sku=\"010\" class=\"add_to_cart_button ajax_add_to_cart qode-button\">A\u00f1adir al carrito<\/a>\t<\/div>\t<\/div>\n<\/div><div class=\"qode-pli qode-woo-image-normal-width product type-product post-30508 status-publish last instock product_cat-salsa-huichol-es has-post-thumbnail shipping-taxable purchasable product-type-simple\">\n\t<div class=\"qode-pli-inner\">\n\t\t<div class=\"qode-pli-image\">\n\t\t\t\n\n<img loading=\"lazy\" decoding=\"async\" width=\"800\" height=\"800\" src=\"https:\/\/salsahuichol.mx\/nuevo\/wp-content\/uploads\/2025\/03\/SH-limon-1.webp\" class=\"attachment-full size-full wp-post-image\" alt=\"\" srcset=\"https:\/\/salsahuichol.mx\/nuevo\/wp-content\/uploads\/2025\/03\/SH-limon-1.webp 800w, https:\/\/salsahuichol.mx\/nuevo\/wp-content\/uploads\/2025\/03\/SH-limon-1-300x300.webp 300w, https:\/\/salsahuichol.mx\/nuevo\/wp-content\/uploads\/2025\/03\/SH-limon-1-150x150.webp 150w, https:\/\/salsahuichol.mx\/nuevo\/wp-content\/uploads\/2025\/03\/SH-limon-1-768x768.webp 768w, https:\/\/salsahuichol.mx\/nuevo\/wp-content\/uploads\/2025\/03\/SH-limon-1-570x570.webp 570w, https:\/\/salsahuichol.mx\/nuevo\/wp-content\/uploads\/2025\/03\/SH-limon-1-500x500.webp 500w, https:\/\/salsahuichol.mx\/nuevo\/wp-content\/uploads\/2025\/03\/SH-limon-1-700x700.webp 700w, https:\/\/salsahuichol.mx\/nuevo\/wp-content\/uploads\/2025\/03\/SH-limon-1-650x650.webp 650w, https:\/\/salsahuichol.mx\/nuevo\/wp-content\/uploads\/2025\/03\/SH-limon-1-600x600.webp 600w, https:\/\/salsahuichol.mx\/nuevo\/wp-content\/uploads\/2025\/03\/SH-limon-1-100x100.webp 100w\" sizes=\"(max-width: 800px) 100vw, 800px\" \/>\t\t<\/div>\n\t\t<div class=\"qode-pli-text\">\n\t\t\t<div class=\"qode-pli-text-outer\">\n\t\t\t\t<div class=\"qode-pli-text-inner\">\n\t\t\t\t\t\t\t\t\t<\/div>\n\t\t\t<\/div>\n\t\t<\/div>\n\t\t<a class=\"qode-pli-link\" itemprop=\"url\" href=\"https:\/\/salsahuichol.mx\/nuevo\/producto\/salsa-huichol-es\/con-limon\/\" title=\"Con Lim\u00f3n\"><\/a>\n\t<\/div>\n\t<div class=\"qode-pli-text-wrapper qode-no-rating-price\" >\n\t\t    <h2 itemprop=\"name\" class=\"entry-title qode-pli-title\" style=\"text-transform: uppercase\">\n\t\t<a itemprop=\"url\" href=\"https:\/\/salsahuichol.mx\/nuevo\/producto\/salsa-huichol-es\/con-limon\/\">Con Lim\u00f3n<\/a>\n\t<\/h2>\n\t\t\n\t\t\t\t<p class=\"qode-pli-category\"><a href=\"https:\/\/salsahuichol.mx\/nuevo\/categoria-producto\/salsa-huichol-es\/\" rel=\"tag\">SALSA HUICHOL<\/a><\/p>\n\t\t\t\n\t\t\t\t\n\t\t\t\t\n\t\t\n\t\t\t\n\t<div class=\"qode-pli-add-to-cart\">\n\t\t<a rel=\"nofollow\" href=\"\/nuevo\/wp-json\/wp\/v2\/pages\/13634?add-to-cart=30508\" data-quantity=\"1\" data-product_id=\"30508\" data-product_sku=\"011\" class=\"add_to_cart_button ajax_add_to_cart qode-button\">A\u00f1adir al carrito<\/a>\t<\/div>\t<\/div>\n<\/div><div class=\"qode-pli qode-woo-image-normal-width product type-product post-30510 status-publish first instock product_cat-salsa-huichol-es has-post-thumbnail shipping-taxable purchasable product-type-simple\">\n\t<div class=\"qode-pli-inner\">\n\t\t<div class=\"qode-pli-image\">\n\t\t\t\n\n<img loading=\"lazy\" decoding=\"async\" width=\"800\" height=\"800\" src=\"https:\/\/salsahuichol.mx\/nuevo\/wp-content\/uploads\/2025\/03\/SH-picante.webp\" class=\"attachment-full size-full wp-post-image\" alt=\"\" srcset=\"https:\/\/salsahuichol.mx\/nuevo\/wp-content\/uploads\/2025\/03\/SH-picante.webp 800w, https:\/\/salsahuichol.mx\/nuevo\/wp-content\/uploads\/2025\/03\/SH-picante-300x300.webp 300w, https:\/\/salsahuichol.mx\/nuevo\/wp-content\/uploads\/2025\/03\/SH-picante-150x150.webp 150w, https:\/\/salsahuichol.mx\/nuevo\/wp-content\/uploads\/2025\/03\/SH-picante-768x768.webp 768w, https:\/\/salsahuichol.mx\/nuevo\/wp-content\/uploads\/2025\/03\/SH-picante-570x570.webp 570w, https:\/\/salsahuichol.mx\/nuevo\/wp-content\/uploads\/2025\/03\/SH-picante-500x500.webp 500w, https:\/\/salsahuichol.mx\/nuevo\/wp-content\/uploads\/2025\/03\/SH-picante-700x700.webp 700w, https:\/\/salsahuichol.mx\/nuevo\/wp-content\/uploads\/2025\/03\/SH-picante-650x650.webp 650w, https:\/\/salsahuichol.mx\/nuevo\/wp-content\/uploads\/2025\/03\/SH-picante-600x600.webp 600w, https:\/\/salsahuichol.mx\/nuevo\/wp-content\/uploads\/2025\/03\/SH-picante-100x100.webp 100w\" sizes=\"(max-width: 800px) 100vw, 800px\" \/>\t\t<\/div>\n\t\t<div class=\"qode-pli-text\">\n\t\t\t<div class=\"qode-pli-text-outer\">\n\t\t\t\t<div class=\"qode-pli-text-inner\">\n\t\t\t\t\t\t\t\t\t<\/div>\n\t\t\t<\/div>\n\t\t<\/div>\n\t\t<a class=\"qode-pli-link\" itemprop=\"url\" href=\"https:\/\/salsahuichol.mx\/nuevo\/producto\/salsa-huichol-es\/picante\/\" title=\"Picante\"><\/a>\n\t<\/div>\n\t<div class=\"qode-pli-text-wrapper qode-no-rating-price\" >\n\t\t    <h2 itemprop=\"name\" class=\"entry-title qode-pli-title\" style=\"text-transform: uppercase\">\n\t\t<a itemprop=\"url\" href=\"https:\/\/salsahuichol.mx\/nuevo\/producto\/salsa-huichol-es\/picante\/\">Picante<\/a>\n\t<\/h2>\n\t\t\n\t\t\t\t<p class=\"qode-pli-category\"><a href=\"https:\/\/salsahuichol.mx\/nuevo\/categoria-producto\/salsa-huichol-es\/\" rel=\"tag\">SALSA HUICHOL<\/a><\/p>\n\t\t\t\n\t\t\t\t\n\t\t\t\t\n\t\t\n\t\t\t\n\t<div class=\"qode-pli-add-to-cart\">\n\t\t<a rel=\"nofollow\" href=\"\/nuevo\/wp-json\/wp\/v2\/pages\/13634?add-to-cart=30510\" data-quantity=\"1\" data-product_id=\"30510\" data-product_sku=\"009\" class=\"add_to_cart_button ajax_add_to_cart qode-button\">A\u00f1adir al carrito<\/a>\t<\/div>\t<\/div>\n<\/div>        <\/div>\n    <\/div>\t\t\t\t<\/div>\n\t\t\t\t<\/div>\n\t\t\t\t\t<\/div>\n\t\t\t\t<\/div>\n\t\t\t\t<\/div>\n\t\t","protected":false},"excerpt":{"rendered":"<p>Loading&#8230; La de las Botanas SALSA HUICHOL A\u00f1adir al carrito Habanera SALSA HUICHOL A\u00f1adir al carrito Negra SALSA HUICHOL A\u00f1adir al carrito Con Lim\u00f3n SALSA HUICHOL A\u00f1adir al carrito Picante SALSA HUICHOL A\u00f1adir al carrito<\/p>\n","protected":false},"author":1,"featured_media":0,"parent":0,"menu_order":0,"comment_status":"closed","ping_status":"closed","template":"full_width.php","meta":{"footnotes":""},"class_list":["post-13634","page","type-page","status-publish","hentry"],"lang":"es","translations":{"es":13634},"pll_sync_post":[],"_links":{"self":[{"href":"https:\/\/salsahuichol.mx\/nuevo\/wp-json\/wp\/v2\/pages\/13634","targetHints":{"allow":["GET"]}}],"collection":[{"href":"https:\/\/salsahuichol.mx\/nuevo\/wp-json\/wp\/v2\/pages"}],"about":[{"href":"https:\/\/salsahuichol.mx\/nuevo\/wp-json\/wp\/v2\/types\/page"}],"author":[{"embeddable":true,"href":"https:\/\/salsahuichol.mx\/nuevo\/wp-json\/wp\/v2\/users\/1"}],"replies":[{"embeddable":true,"href":"https:\/\/salsahuichol.mx\/nuevo\/wp-json\/wp\/v2\/comments?post=13634"}],"version-history":[{"count":6,"href":"https:\/\/salsahuichol.mx\/nuevo\/wp-json\/wp\/v2\/pages\/13634\/revisions"}],"predecessor-version":[{"id":30532,"href":"https:\/\/salsahuichol.mx\/nuevo\/wp-json\/wp\/v2\/pages\/13634\/revisions\/30532"}],"wp:attachment":[{"href":"https:\/\/salsahuichol.mx\/nuevo\/wp-json\/wp\/v2\/media?parent=13634"}],"curies":[{"name":"wp","href":"https:\/\/api.w.org\/{rel}","templated":true}]}}