{"id":30508,"date":"2025-03-26T23:16:04","date_gmt":"2025-03-27T06:16:04","guid":{"rendered":"https:\/\/salsahuichol.mx\/nuevo\/?post_type=product&#038;p=30508"},"modified":"2025-05-20T23:25:53","modified_gmt":"2025-05-21T06:25:53","slug":"con-limon","status":"publish","type":"product","link":"https:\/\/salsahuichol.mx\/nuevo\/producto\/salsa-huichol-es\/con-limon\/","title":{"rendered":"Con Lim\u00f3n"},"content":{"rendered":"<p>Es ideal para la botana y los mariscos, realza el sabor y agrega ese toque de picante tan caracteri\u0301stico de la Salsa Huichol.<\/p>\n","protected":false},"excerpt":{"rendered":"<p style=\"font-weight: 600;\">La Salsa Huichol con Lim\u00f3n est\u00e1 hecha chiles de Cascabel, sazonada con especias y tiene un toque de \u00e1cido c\u00edtrico que le da ese sabor de limo\u0301n tan especial a la salsa.<\/p>\n<p class=\"mt-35\" style=\"font-weight: bold;\">INGREDIENTES<\/p>\n<div class=\"list_ingredients\">[icon_text image=\"11810\" icon_size=\"fa-3x\" title_font_size=\"16\" title_font_weight=\"500\" box_type=\"normal\" holder_hover_effect=\"no\" icon_type=\"normal\" icon_position=\"top\" content_alignment=\"center\" use_custom_icon_size=\"no\" icon_gradient=\"no\" title=\"ESPECIAS\" title_tag=\"h6\" title_color=\"#26247b\" separator=\"no\" link_icon=\"no\" _transform_keep_proportions=\"yes\" _transform_keep_proportions_hover=\"yes\"] [icon_text image=\"11814\" icon_size=\"fa-3x\" title_font_weight=\"500\" box_type=\"normal\" holder_hover_effect=\"no\" icon_type=\"normal\" icon_position=\"top\" content_alignment=\"center\" use_custom_icon_size=\"no\" icon_gradient=\"no\" title=\"VINAGRE\" title_tag=\"h6\" title_color=\"#26247b\" separator=\"no\" link_icon=\"no\" _transform_keep_proportions=\"yes\" _transform_keep_proportions_hover=\"yes\"] [icon_text image=\"11813\" icon_size=\"fa-3x\" title_font_weight=\"500\" box_type=\"normal\" holder_hover_effect=\"no\" icon_type=\"normal\" icon_position=\"top\" content_alignment=\"center\" use_custom_icon_size=\"no\" icon_gradient=\"no\" title=\"SAL YODATADA\" title_tag=\"h6\" title_color=\"#26247b\" separator=\"no\" link_icon=\"no\" _transform_keep_proportions=\"yes\" _transform_keep_proportions_hover=\"yes\"][icon_text image=\"13724\" icon_size=\"fa-3x\" title_font_weight=\"500\" box_type=\"normal\" holder_hover_effect=\"no\" icon_type=\"normal\" icon_position=\"top\" content_alignment=\"center\" use_custom_icon_size=\"no\" icon_gradient=\"no\" title=\"SABORIZANTE\" title_tag=\"h6\" title_color=\"#26247B\" separator=\"no\" link_icon=\"no\" _transform_keep_proportions=\"yes\" _transform_keep_proportions_hover=\"yes\"][icon_text image=\"13723\" icon_size=\"fa-3x\" title_font_weight=\"500\" box_type=\"normal\" holder_hover_effect=\"no\" icon_type=\"normal\" icon_position=\"top\" content_alignment=\"center\" use_custom_icon_size=\"no\" icon_gradient=\"no\" title=\"\u00c1CIDO C\u00cdTRICO\" title_tag=\"h6\" title_color=\"#26247B\" separator=\"no\" link_icon=\"no\" _transform_keep_proportions=\"yes\" _transform_keep_proportions_hover=\"yes\"]<\/div>\n<p><a class=\"qodef-shortcode qodef-m data-sheet qodef-qi-button qodef-html--link qodef-layout--filled qodef-type--standard qodef-icon--right qodef-hover--icon-move-horizontal-short\" href=\"\/nuevo\/wp-content\/uploads\/2024\/02\/Broshure-Frente-Limon.pdf\" target=\"_blank\" rel=\"noopener\"><br \/>\n<span class=\"qodef-m-text\">FICHA T\u00c9CNICA<\/span><br \/>\n<\/a><br \/>\n<a class=\"qodef-shortcode qodef-m data-sheet qodef-qi-button qodef-html--link qodef-layout--filled qodef-type--standard qodef-icon--right qodef-hover--icon-move-horizontal-short\" href=\"#presentaciones\" rel=\"noopener\"><br \/>\n<span class=\"qodef-m-text\">PRESENTACIONES<\/span><br \/>\n<\/a><\/p>\n","protected":false},"featured_media":30512,"comment_status":"closed","ping_status":"closed","template":"","meta":[],"product_brand":[],"product_cat":[90],"product_tag":[],"class_list":{"0":"post-30508","1":"product","2":"type-product","3":"status-publish","4":"has-post-thumbnail","6":"product_cat-salsa-huichol-es","8":"first","9":"instock","10":"shipping-taxable","11":"purchasable","12":"product-type-simple"},"lang":"es","translations":{"es":30508},"pll_sync_post":[],"_links":{"self":[{"href":"https:\/\/salsahuichol.mx\/nuevo\/wp-json\/wp\/v2\/product\/30508","targetHints":{"allow":["GET"]}}],"collection":[{"href":"https:\/\/salsahuichol.mx\/nuevo\/wp-json\/wp\/v2\/product"}],"about":[{"href":"https:\/\/salsahuichol.mx\/nuevo\/wp-json\/wp\/v2\/types\/product"}],"replies":[{"embeddable":true,"href":"https:\/\/salsahuichol.mx\/nuevo\/wp-json\/wp\/v2\/comments?post=30508"}],"version-history":[{"count":2,"href":"https:\/\/salsahuichol.mx\/nuevo\/wp-json\/wp\/v2\/product\/30508\/revisions"}],"predecessor-version":[{"id":48703,"href":"https:\/\/salsahuichol.mx\/nuevo\/wp-json\/wp\/v2\/product\/30508\/revisions\/48703"}],"wp:featuredmedia":[{"embeddable":true,"href":"https:\/\/salsahuichol.mx\/nuevo\/wp-json\/wp\/v2\/media\/30512"}],"wp:attachment":[{"href":"https:\/\/salsahuichol.mx\/nuevo\/wp-json\/wp\/v2\/media?parent=30508"}],"wp:term":[{"taxonomy":"product_brand","embeddable":true,"href":"https:\/\/salsahuichol.mx\/nuevo\/wp-json\/wp\/v2\/product_brand?post=30508"},{"taxonomy":"product_cat","embeddable":true,"href":"https:\/\/salsahuichol.mx\/nuevo\/wp-json\/wp\/v2\/product_cat?post=30508"},{"taxonomy":"product_tag","embeddable":true,"href":"https:\/\/salsahuichol.mx\/nuevo\/wp-json\/wp\/v2\/product_tag?post=30508"}],"curies":[{"name":"wp","href":"https:\/\/api.w.org\/{rel}","templated":true}]}}